{"id":3529,"date":"2020-12-10T15:53:27","date_gmt":"2020-12-10T14:53:27","guid":{"rendered":"http:\/\/www.coffeeburma.cz\/ma-phyu\/"},"modified":"2026-04-15T10:03:51","modified_gmt":"2026-04-15T08:03:51","slug":"ma-phyu","status":"publish","type":"product","link":"https:\/\/www.coffeeburma.cz\/de\/produkt\/ma-phyu\/","title":{"rendered":"Ma Phyu"},"content":{"rendered":"<p>Ma Phyu je jednodruhov\u00e1 k\u00e1va 100% Arabika poch\u00e1zej\u00edc\u00ed z\u00a0farmy v\u00a0oblasti m\u011bsta Pyin Oo Lwin, kter\u00e9 se nach\u00e1z\u00ed 70km v\u00fdchodn\u011b od m\u011bsta Mandalay. K\u00e1va se vyzna\u010duje vyv\u00e1\u017eenou chut\u00ed s\u00a0mal\u00fdm mno\u017estv\u00edm trpkosti a p\u0159\u00edchut\u00ed sladk\u00e9ho ovoce. Tuto k\u00e1vu pra\u017e\u00edme ve dvou t\u00f3nech, na espresso a na filtr.<\/p>\n","protected":false},"excerpt":{"rendered":"<p>Ma Phyu je jednodruhov\u00e1 k\u00e1va 100% Arabika poch\u00e1zej\u00edc\u00ed z\u00a0farmy v\u00a0oblasti m\u011bsta Pyin Oo Lwin, kter\u00e9 se nach\u00e1z\u00ed 70km v\u00fdchodn\u011b od m\u011bsta Mandalay. K\u00e1va se vyzna\u010duje vyv\u00e1\u017eenou chut\u00ed s\u00a0mal\u00fdm mno\u017estv\u00edm trpkosti a p\u0159\u00edchut\u00ed sladk\u00e9ho ovoce. Tuto k\u00e1vu pra\u017e\u00edme ve dvou t\u00f3nech, na espresso a na filtr.<\/p>\n","protected":false},"featured_media":3185,"comment_status":"closed","ping_status":"closed","template":"","meta":{"site-sidebar-layout":"default","site-content-layout":"default","ast-site-content-layout":"default","site-content-style":"default","site-sidebar-style":"default","ast-global-header-display":"","ast-banner-title-visibility":"","ast-main-header-display":"","ast-hfb-above-header-display":"","ast-hfb-below-header-display":"","ast-hfb-mobile-header-display":"","site-post-title":"","ast-breadcrumbs-content":"","ast-featured-img":"","footer-sml-layout":"","theme-transparent-header-meta":"default","adv-header-id-meta":"","stick-header-meta":"default","header-above-stick-meta":"","header-main-stick-meta":"","header-below-stick-meta":"","astra-migrate-meta-layouts":"set"},"product_cat":[34],"product_tag":[],"_links":{"self":[{"href":"https:\/\/www.coffeeburma.cz\/de\/wp-json\/wp\/v2\/product\/3529"}],"collection":[{"href":"https:\/\/www.coffeeburma.cz\/de\/wp-json\/wp\/v2\/product"}],"about":[{"href":"https:\/\/www.coffeeburma.cz\/de\/wp-json\/wp\/v2\/types\/product"}],"replies":[{"embeddable":true,"href":"https:\/\/www.coffeeburma.cz\/de\/wp-json\/wp\/v2\/comments?post=3529"}],"wp:featuredmedia":[{"embeddable":true,"href":"https:\/\/www.coffeeburma.cz\/de\/wp-json\/wp\/v2\/media\/3185"}],"wp:attachment":[{"href":"https:\/\/www.coffeeburma.cz\/de\/wp-json\/wp\/v2\/media?parent=3529"}],"wp:term":[{"taxonomy":"product_cat","embeddable":true,"href":"https:\/\/www.coffeeburma.cz\/de\/wp-json\/wp\/v2\/product_cat?post=3529"},{"taxonomy":"product_tag","embeddable":true,"href":"https:\/\/www.coffeeburma.cz\/de\/wp-json\/wp\/v2\/product_tag?post=3529"}],"curies":[{"name":"wp","href":"https:\/\/api.w.org\/{rel}","templated":true}]}}