{"id":3538,"date":"2020-12-10T15:53:27","date_gmt":"2020-12-10T14:53:27","guid":{"rendered":"http:\/\/www.coffeeburma.cz\/roberto-special\/"},"modified":"2025-12-15T15:30:42","modified_gmt":"2025-12-15T14:30:42","slug":"roberto-special","status":"publish","type":"product","link":"https:\/\/www.coffeeburma.cz\/de\/produkt\/roberto-special\/","title":{"rendered":"Roberto Special"},"content":{"rendered":"<p>Roberto Special je jednodruhov\u00e1 k\u00e1va 100% Arabika poch\u00e1zej\u00edc\u00ed z\u00a0farmy v\u00a0oblasti m\u011bsta Pyin Oo Lwin, kter\u00e9 se nach\u00e1z\u00ed 70km v\u00fdchodn\u011b od m\u011bsta Mandalay. V\u00fdrazn\u011b odli\u0161n\u00e1 chu\u0165 t\u00e9to k\u00e1vy v\u00a0porovn\u00e1n\u00ed s\u00a0ostatn\u00edmi produkty je d\u00e1na zpracov\u00e1n\u00edm suchou metodou. Uc\u00edt\u00edte p\u0159\u00edchu\u0165 kub\u00e1nsk\u00e9ho rumu a o\u0159\u00ed\u0161k\u016f.<\/p>\n","protected":false},"excerpt":{"rendered":"<p>Roberto Special je jednodruhov\u00e1 k\u00e1va 100% Arabika poch\u00e1zej\u00edc\u00ed z\u00a0farmy v\u00a0oblasti m\u011bsta Pyin Oo Lwin, kter\u00e9 se nach\u00e1z\u00ed 70km v\u00fdchodn\u011b od m\u011bsta Mandalay. V\u00fdrazn\u011b odli\u0161n\u00e1 chu\u0165 t\u00e9to k\u00e1vy v\u00a0porovn\u00e1n\u00ed s\u00a0ostatn\u00edmi produkty je d\u00e1na zpracov\u00e1n\u00edm suchou metodou. Uc\u00edt\u00edte p\u0159\u00edchu\u0165 kub\u00e1nsk\u00e9ho rumu a o\u0159\u00ed\u0161k\u016f.<\/p>\n","protected":false},"featured_media":3188,"comment_status":"closed","ping_status":"closed","template":"","meta":{"site-sidebar-layout":"default","site-content-layout":"default","ast-site-content-layout":"default","site-content-style":"default","site-sidebar-style":"default","ast-global-header-display":"","ast-banner-title-visibility":"","ast-main-header-display":"","ast-hfb-above-header-display":"","ast-hfb-below-header-display":"","ast-hfb-mobile-header-display":"","site-post-title":"","ast-breadcrumbs-content":"","ast-featured-img":"","footer-sml-layout":"","theme-transparent-header-meta":"default","adv-header-id-meta":"","stick-header-meta":"default","header-above-stick-meta":"","header-main-stick-meta":"","header-below-stick-meta":"","astra-migrate-meta-layouts":"set"},"product_cat":[34],"product_tag":[],"_links":{"self":[{"href":"https:\/\/www.coffeeburma.cz\/de\/wp-json\/wp\/v2\/product\/3538"}],"collection":[{"href":"https:\/\/www.coffeeburma.cz\/de\/wp-json\/wp\/v2\/product"}],"about":[{"href":"https:\/\/www.coffeeburma.cz\/de\/wp-json\/wp\/v2\/types\/product"}],"replies":[{"embeddable":true,"href":"https:\/\/www.coffeeburma.cz\/de\/wp-json\/wp\/v2\/comments?post=3538"}],"wp:featuredmedia":[{"embeddable":true,"href":"https:\/\/www.coffeeburma.cz\/de\/wp-json\/wp\/v2\/media\/3188"}],"wp:attachment":[{"href":"https:\/\/www.coffeeburma.cz\/de\/wp-json\/wp\/v2\/media?parent=3538"}],"wp:term":[{"taxonomy":"product_cat","embeddable":true,"href":"https:\/\/www.coffeeburma.cz\/de\/wp-json\/wp\/v2\/product_cat?post=3538"},{"taxonomy":"product_tag","embeddable":true,"href":"https:\/\/www.coffeeburma.cz\/de\/wp-json\/wp\/v2\/product_tag?post=3538"}],"curies":[{"name":"wp","href":"https:\/\/api.w.org\/{rel}","templated":true}]}}