{"id":3552,"date":"2020-12-10T15:53:33","date_gmt":"2020-12-10T14:53:33","guid":{"rendered":"http:\/\/www.coffeeburma.cz\/saung\/"},"modified":"2026-04-15T14:10:08","modified_gmt":"2026-04-15T12:10:08","slug":"saung","status":"publish","type":"product","link":"https:\/\/www.coffeeburma.cz\/de\/produkt\/saung\/","title":{"rendered":"Saung"},"content":{"rendered":"<p>Saung je jednodruhov\u00e1 k\u00e1va 100% Arabika poch\u00e1zej\u00edc\u00ed z\u00a0farmy pobl\u00ed\u017e m\u011bsta Naung Cho. Tuto k\u00e1vu r\u00e1di p\u0159ipravujeme jako espresso. M\u00e1 ho\u0159ko-kyselou chu\u0165 s p\u0159\u00edchut\u00ed zelen\u00e9ho ovoce.<\/p>\n","protected":false},"excerpt":{"rendered":"<p>Saung je jednodruhov\u00e1 k\u00e1va 100% Arabika poch\u00e1zej\u00edc\u00ed z\u00a0farmy pobl\u00ed\u017e m\u011bsta Naung Cho. Tuto k\u00e1vu r\u00e1di p\u0159ipravujeme jako espresso. M\u00e1 ho\u0159ko-kyselou chu\u0165 s p\u0159\u00edchut\u00ed zelen\u00e9ho ovoce.<\/p>\n","protected":false},"featured_media":3190,"comment_status":"closed","ping_status":"closed","template":"","meta":{"site-sidebar-layout":"default","site-content-layout":"default","ast-site-content-layout":"default","site-content-style":"default","site-sidebar-style":"default","ast-global-header-display":"","ast-banner-title-visibility":"","ast-main-header-display":"","ast-hfb-above-header-display":"","ast-hfb-below-header-display":"","ast-hfb-mobile-header-display":"","site-post-title":"","ast-breadcrumbs-content":"","ast-featured-img":"","footer-sml-layout":"","theme-transparent-header-meta":"default","adv-header-id-meta":"","stick-header-meta":"default","header-above-stick-meta":"","header-main-stick-meta":"","header-below-stick-meta":"","astra-migrate-meta-layouts":"set"},"product_cat":[34],"product_tag":[],"_links":{"self":[{"href":"https:\/\/www.coffeeburma.cz\/de\/wp-json\/wp\/v2\/product\/3552"}],"collection":[{"href":"https:\/\/www.coffeeburma.cz\/de\/wp-json\/wp\/v2\/product"}],"about":[{"href":"https:\/\/www.coffeeburma.cz\/de\/wp-json\/wp\/v2\/types\/product"}],"replies":[{"embeddable":true,"href":"https:\/\/www.coffeeburma.cz\/de\/wp-json\/wp\/v2\/comments?post=3552"}],"wp:featuredmedia":[{"embeddable":true,"href":"https:\/\/www.coffeeburma.cz\/de\/wp-json\/wp\/v2\/media\/3190"}],"wp:attachment":[{"href":"https:\/\/www.coffeeburma.cz\/de\/wp-json\/wp\/v2\/media?parent=3552"}],"wp:term":[{"taxonomy":"product_cat","embeddable":true,"href":"https:\/\/www.coffeeburma.cz\/de\/wp-json\/wp\/v2\/product_cat?post=3552"},{"taxonomy":"product_tag","embeddable":true,"href":"https:\/\/www.coffeeburma.cz\/de\/wp-json\/wp\/v2\/product_tag?post=3552"}],"curies":[{"name":"wp","href":"https:\/\/api.w.org\/{rel}","templated":true}]}}